{"id":3,"date":"2019-10-14T08:51:11","date_gmt":"2019-10-14T08:51:11","guid":{"rendered":"https:\/\/bridge267.qodeinteractive.com\/?page_id=3"},"modified":"2025-02-27T13:01:39","modified_gmt":"2025-02-27T12:01:39","slug":"info","status":"publish","type":"page","link":"https:\/\/federicoportacci.it\/Taccigram\/info\/","title":{"rendered":"Info"},"content":{"rendered":"\t\t<div data-elementor-type=\"wp-page\" data-elementor-id=\"3\" class=\"elementor elementor-3\">\n\t\t\t\t<div class=\"elementor-element elementor-element-3df3903 e-flex e-con-boxed parallax_section_no qode_elementor_container_no e-con e-parent\" data-id=\"3df3903\" data-element_type=\"container\" data-e-type=\"container\">\n\t\t\t\t\t<div class=\"e-con-inner\">\n\t\t\t\t<div class=\"elementor-element elementor-element-7b030bb elementor-widget elementor-widget-text-editor\" data-id=\"7b030bb\" data-element_type=\"widget\" data-e-type=\"widget\" data-widget_type=\"text-editor.default\">\n\t\t\t\t<div class=\"elementor-widget-container\">\n\t\t\t\t\t\t\t\t\t<p>Utilizziamo i cookie per migliorare la tua esperienza sul nostro sito. Per saperne di pi\u00f9 sui dati che raccogliamo e su come li utilizziamo, consulta la nostra informativa sulla privacy disponibile nei pulsanti sottostanti.<\/p>\t\t\t\t\t\t\t\t<\/div>\n\t\t\t\t<\/div>\n\t\t\t\t\t<\/div>\n\t\t\t\t<\/div>\n\t\t<div class=\"elementor-element elementor-element-73a611b e-flex e-con-boxed parallax_section_no qode_elementor_container_no e-con e-parent\" data-id=\"73a611b\" data-element_type=\"container\" data-e-type=\"container\">\n\t\t\t\t\t<div class=\"e-con-inner\">\n\t\t\t\t<div class=\"elementor-element elementor-element-b6a83b6 elementor-widget elementor-widget-iub-elementor-legal-widget\" data-id=\"b6a83b6\" data-element_type=\"widget\" data-e-type=\"widget\" data-widget_type=\"iub-elementor-legal-widget.default\">\n\t\t\t\t<div class=\"elementor-widget-container\">\n\t\t\t\t\tDocumenti e contatti<section><a href=\"https:\/\/www.iubenda.com\/privacy-policy\/31210103\" class=\"iubenda-black iubenda-noiframe iubenda-embed iubenda-noiframe \" title=\"Privacy Policy \">Privacy Policy<\/a><script type=\"text\/javascript\">(function (w,d) {var loader = function () {var s = d.createElement(\"script\"), tag = d.getElementsByTagName(\"script\")[0]; s.src=\"https:\/\/cdn.iubenda.com\/iubenda.js\"; tag.parentNode.insertBefore(s,tag);}; if(w.addEventListener){w.addEventListener(\"load\", loader, false);}else if(w.attachEvent){w.attachEvent(\"onload\", loader);}else{w.onload = loader;}})(window, document);<\/script><a href=\"https:\/\/www.iubenda.com\/privacy-policy\/31210103\/cookie-policy\" class=\"iubenda-black iubenda-noiframe iubenda-embed iubenda-noiframe \" title=\"Cookie Policy \">Cookie Policy<\/a><script type=\"text\/javascript\">(function (w,d) {var loader = function () {var s = d.createElement(\"script\"), tag = d.getElementsByTagName(\"script\")[0]; s.src=\"https:\/\/cdn.iubenda.com\/iubenda.js\"; tag.parentNode.insertBefore(s,tag);}; if(w.addEventListener){w.addEventListener(\"load\", loader, false);}else if(w.attachEvent){w.attachEvent(\"onload\", loader);}else{w.onload = loader;}})(window, document);<\/script><br><a href=\"https:\/\/www.iubenda.com\/termini-e-condizioni\/31210103\" class=\"iubenda-black iubenda-noiframe iubenda-embed iubenda-noiframe \" title=\"Termini e Condizioni \">Termini e Condizioni<\/a><script type=\"text\/javascript\">(function (w,d) {var loader = function () {var s = d.createElement(\"script\"), tag = d.getElementsByTagName(\"script\")[0]; s.src=\"https:\/\/cdn.iubenda.com\/iubenda.js\"; tag.parentNode.insertBefore(s,tag);}; if(w.addEventListener){w.addEventListener(\"load\", loader, false);}else if(w.attachEvent){w.attachEvent(\"onload\", loader);}else{w.onload = loader;}})(window, document);<\/script><\/section>\t\t\t\t<\/div>\n\t\t\t\t<\/div>\n\t\t\t\t\t<\/div>\n\t\t\t\t<\/div>\n\t\t<div class=\"elementor-element elementor-element-262b816 e-flex e-con-boxed parallax_section_no qode_elementor_container_no e-con e-parent\" data-id=\"262b816\" data-element_type=\"container\" data-e-type=\"container\">\n\t\t\t\t\t<div class=\"e-con-inner\">\n\t\t\t\t<div class=\"elementor-element elementor-element-5489fcf elementor-widget elementor-widget-text-editor\" data-id=\"5489fcf\" data-element_type=\"widget\" data-e-type=\"widget\" data-widget_type=\"text-editor.default\">\n\t\t\t\t<div class=\"elementor-widget-container\">\n\t\t\t\t\t\t\t\t\t<h4 style=\"text-align: center;\">Termini e condizioni<\/h4>\t\t\t\t\t\t\t\t<\/div>\n\t\t\t\t<\/div>\n\t\t\t\t<div class=\"elementor-element elementor-element-94120ff elementor-widget elementor-widget-text-editor\" data-id=\"94120ff\" data-element_type=\"widget\" data-e-type=\"widget\" data-widget_type=\"text-editor.default\">\n\t\t\t\t<div class=\"elementor-widget-container\">\n\t\t\t\t\t\t\t\t\t<p class=\"elementor-widget-container\">Ai sensi e per gli effetti del decreto legge 22\/05\/1999, n. 185 \u201cAttuazione della direttiva 97\/7\/CE relativa alla protezione dei consumatori in materia di contratti a distanza\u201d e la Circolare n\u00b0 3487\/C del 01\/06\/2000 del Ministero dell\u2019Industria avente per oggetto il Decreto legislativo n\u00b0 114 del 31\/03\/1998 \u201cDisciplina alla vendita di beni tramite mezzo elettronico. Commercio elettronico.\u201dQuesto contratto ha per oggetto la compravendita di prodotti non alimentari nella quantit\u00e0 e qualit\u00e0 prescelta dal consumatore mediante selezione telematica sul sito federicoportacci.it\/taccigram.Dal momento in cui il consumatore accede e utilizza il sito federicoportacci.it\/taccigram \u00e8 soggetto all\u2019adesione e si dichiara d\u2019accordo ad essere legalmente tenuto al rispetto dei termini e delle condizioni sotto indicati inclusi tutti i documenti riportati.Invitiamo ad esaminare attentamente questo documento prima di utilizzare i servizi. Il consumatore potrebbe rinunciare ad accedere al sito web o utilizzarlo nel caso non volesse accettare e rispettare tali termini e condizioni.<\/p><h5>Art.1 \u2013 Definizioni<\/h5><p class=\"elementor-widget-container\"><strong>Fornitore di beni e servizi (detto anche Esercente):<\/strong>\u00a0Federico Portacci \u2013 DENS via Cristoforo Colombo 4, 10024 Moncalieri &#8211; TO, C.F PRTFRC86H20L219C P.IVA 11503230010\u00a0<a rel=\"noreferrer\">info@federicoportacci.it<\/a>In qualit\u00e0 di titolare del sito Internet:federicoportacci.it\/taccigram<strong>Consumatore:<\/strong>\u00a0Utente oppure cliente del sito federicoportacci.it\/taccigram<\/p><h5>Art.2 \u2013 Natura dei beni<\/h5><p class=\"elementor-widget-container\">I beni e servizi in vendita sono quelli descritti sulle pagine di federicoportacci.it\/taccigram, dove il nome del prodotto e l\u2019eventuale descrizione contengono le caratteristiche essenziali dei beni, nonch\u00e9 l\u2019annata effettivamente in vendita.Questi dati sono soggetti a modifiche, aggiornamenti periodici, allo scopo di un ulteriore miglioramento del servizio per il consumatore.<\/p><h5>Art.3 \u2013 Prezzi e disponibilit\u00e0 prodotti<\/h5><p class=\"elementor-widget-container\">I prezzi dei prodotti sono chiaramente indicati sul sito e si intendono comprensivi di IVA. Al prezzo del prodotto va aggiunto il costo di spedizione ove previsto, il cui ammontare varia in base alla modalit\u00e0 di consegna richiesta, oltre a diritti doganali ove dovuti. Nel caso in cui il prodotto non sia disponibile, sarete tempestivamente informati via e-mail. Il prezzo dei beni compravenduti \u00e8 quello riepilogato nel modulo d\u2019ordine nel momento in cui il Cliente accetta le presenti condizioni mediante selezione telematica e invia, ancora in modalit\u00e0 telematica (direttamente on-line, via e-mail o via fax), il modulo d\u2019ordine a Federico Portacci \u2013 DENS. Il Cliente \u00e8 tenuto ad accettare le presenti condizioni anche per ordini effettuati via telefono; in questo caso, verr\u00e0 inviata al Cliente conferma scritta dell\u2019ordine ricevuto tramite e-mail, fax o SMS come da preferenza esposta. I prezzi e la disponibilit\u00e0 dei prodotti commercializzati da Federico Portacci \u2013 DENS tramite federicoportacci.it\/taccigram sono soggetti a modifica senza preavviso.<\/p><h5>Art.4 \u2013 Contratti d\u2019acquisto stipulati da minorenni<\/h5><p class=\"elementor-widget-container\">L\u2019acquisto pu\u00f2 essere effettuato solo da maggiorenni. Tuttavia, se si dovesse verificare l\u2019acquisto da parte di un minorenne fornendo false informazioni relative all\u2019et\u00e0, o false indicazioni per acquistare l\u2019oggetto desiderato e\/o per accedere ai dati desiderati, i genitori sono direttamente responsabili per il pagamento di quanto acquistato ferma restando la disciplina del recesso di cui all\u2019art 7 delle presenti condizioni di vendita.<\/p><h5>Art.5 &#8211; Ordini\/Fatturazione<\/h5><p class=\"elementor-widget-container\">Gli ordini si accettano per iscritto, E-mail, Internet, telefono o fax. La conclusione del contratto \u00e8 subordinata all\u2019effettuazione da parte del Cliente del pagamento dell\u2019intero importo con una delle modalit\u00e0 di pagamento consentite. La Fattura Fiscale potrebbe anche essere emessa successivamente alla consegna del bene.<\/p><h5>Art.6 \u2013 Modalit\u00e0 e costi di consegna<\/h5><p class=\"elementor-widget-container\">I beni acquistati saranno consegnati, tramite corriere espresso, all\u2019indirizzo indicato dall\u2019acquirente entro 7\/10 giorni lavorativi dalla conferma d\u2019ordine.<\/p><h5>Art.7 \u2013 Obblighi del consumatore<\/h5><p class=\"elementor-widget-container\">Il consumatore si impegna e si obbliga, ogni qualvolta interagisce con Federico Portacci \u2013 DENS tramite il sito federicoportacci.it\/taccigram a tenersi nel rispetto delle presenti condizioni generali.<\/p><h5><strong>Art.8 \u2013 Clausola risolutiva espressa<\/strong><\/h5><p class=\"elementor-widget-container\">Il presente contratto si intende risolto di diritto, ai sensi e per gli effetti dell\u2019art. 1456 c.c. nel caso in cui il consumatore non rispetti una delle obbligazioni assunte.<\/p><h5>Art.9 \u2013 Competenza per controversie e legge applicabile<\/h5><p class=\"elementor-widget-container\">Qualsiasi controversia relativa all\u2019applicazione, esecuzione, interpretazione e violazione del contratto d\u2019acquisto stipulato \u201con-line\u201d tramite il sito federicoportacci.it\/taccigram \u00e8 sottoposta alla giurisdizione italiana.<\/p>\t\t\t\t\t\t\t\t<\/div>\n\t\t\t\t<\/div>\n\t\t\t\t\t<\/div>\n\t\t\t\t<\/div>\n\t\t<div class=\"elementor-element elementor-element-c4c0113 e-flex e-con-boxed parallax_section_no qode_elementor_container_no e-con e-parent\" data-id=\"c4c0113\" data-element_type=\"container\" data-e-type=\"container\">\n\t\t\t\t\t<div class=\"e-con-inner\">\n\t\t\t\t<div class=\"elementor-element elementor-element-8bbc9e4 elementor-widget elementor-widget-text-editor\" data-id=\"8bbc9e4\" data-element_type=\"widget\" data-e-type=\"widget\" data-widget_type=\"text-editor.default\">\n\t\t\t\t<div class=\"elementor-widget-container\">\n\t\t\t\t\t\t\t\t\t<h4 style=\"text-align: center;\">Spedizione<\/h4>\t\t\t\t\t\t\t\t<\/div>\n\t\t\t\t<\/div>\n\t\t\t\t<div class=\"elementor-element elementor-element-9586edb elementor-widget elementor-widget-text-editor\" data-id=\"9586edb\" data-element_type=\"widget\" data-e-type=\"widget\" data-widget_type=\"text-editor.default\">\n\t\t\t\t<div class=\"elementor-widget-container\">\n\t\t\t\t\t\t\t\t\t<div class=\"elementor-container elementor-column-gap-no\"><div class=\"elementor-column elementor-col-100 elementor-inner-column elementor-element elementor-element-4a5ae86 animated-fast animated opal-move-up\"><div class=\"elementor-widget-wrap elementor-element-populated\"><div class=\"elementor-element elementor-element-c36b67a elementor-widget elementor-widget-text-editor\"><div class=\"elementor-widget-container\"><div class=\"elementor-text-editor elementor-clearfix\"><p>Generalmente siamo in grado di spedire\u00a0 il tuo ordini nel arco\u00a0<strong>5-6 giorni<\/strong>.<\/p><\/div><\/div><\/div><\/div><\/div><\/div><div class=\"elementor-element elementor-element-3c4c8ee elementor-widget elementor-widget-opal-table\"><div class=\"elementor-widget-container\"><div class=\"opal-table-wrap\"><p class=\"_7Cm1F9 ka2E9k uMhVZi FxZV-M z-oVg8 pVrzNP mt-16 mb-16\">I tempi di spedizione sono di 2-3 giorni*.<\/p><p class=\"_7Cm1F9 ka2E9k uMhVZi FxZV-M z-oVg8 pVrzNP mt-16 mb-16\"><em>Quando il pacco sar\u00e0 spedito dai nostri magazzini, riceverai un\u2019email di conferma spedizione (controlla anche la tua casella di posta indesiderata o Spam). Se il corriere ci fornir\u00e0 i dati di tracciamento, nell&#8217;email troverai un link su cui cliccare per seguire la consegna, che avviene tra le 9.00 e le 18.00, dal luned\u00ec al venerd\u00ec. \u00c8 possibile che gli orari cambino a seconda della zona.<\/em><\/p><\/div><\/div><\/div>\t\t\t\t\t\t\t\t<\/div>\n\t\t\t\t<\/div>\n\t\t\t\t\t<\/div>\n\t\t\t\t<\/div>\n\t\t\t\t<\/div>\n\t\t","protected":false},"excerpt":{"rendered":"<p>Utilizziamo i cookie per migliorare la tua esperienza sul nostro sito. Per saperne di pi\u00c3\u00b9 sui dati che raccogliamo e su come li utilizziamo, consulta la nostra informativa sulla privacy disponibile nei pulsanti sottostanti. Documenti e contatti Privacy PolicyCookie Policy Cookie Policy Termini e Condizioni&#8230;<\/p>\n","protected":false},"author":1,"featured_media":0,"parent":0,"menu_order":0,"comment_status":"closed","ping_status":"open","template":"","meta":{"content-type":"","footnotes":""},"class_list":["post-3","page","type-page","status-publish","hentry"],"yoast_head":"<!-- This site is optimized with the Yoast SEO plugin v27.2 - https:\/\/yoast.com\/product\/yoast-seo-wordpress\/ -->\n<title>Info - Taccigram<\/title>\n<meta name=\"robots\" content=\"index, follow, max-snippet:-1, max-image-preview:large, max-video-preview:-1\" \/>\n<link rel=\"canonical\" href=\"https:\/\/federicoportacci.it\/Taccigram\/info\/\" \/>\n<meta property=\"og:locale\" content=\"it_IT\" \/>\n<meta property=\"og:type\" content=\"article\" \/>\n<meta property=\"og:title\" content=\"Info - Taccigram\" \/>\n<meta property=\"og:description\" content=\"Utilizziamo i cookie per migliorare la tua esperienza sul nostro sito. Per saperne di pi\u00c3\u00b9 sui dati che raccogliamo e su come li utilizziamo, consulta la nostra informativa sulla privacy disponibile nei pulsanti sottostanti. Documenti e contatti Privacy PolicyCookie Policy Cookie Policy Termini e Condizioni...\" \/>\n<meta property=\"og:url\" content=\"https:\/\/federicoportacci.it\/Taccigram\/info\/\" \/>\n<meta property=\"og:site_name\" content=\"Taccigram\" \/>\n<meta property=\"article:modified_time\" content=\"2025-02-27T12:01:39+00:00\" \/>\n<meta name=\"twitter:card\" content=\"summary_large_image\" \/>\n<meta name=\"twitter:label1\" content=\"Tempo di lettura stimato\" \/>\n\t<meta name=\"twitter:data1\" content=\"5 minuti\" \/>\n<script type=\"application\/ld+json\" class=\"yoast-schema-graph\">{\"@context\":\"https:\/\/schema.org\",\"@graph\":[{\"@type\":\"WebPage\",\"@id\":\"https:\/\/federicoportacci.it\/Taccigram\/info\/\",\"url\":\"https:\/\/federicoportacci.it\/Taccigram\/info\/\",\"name\":\"Info - Taccigram\",\"isPartOf\":{\"@id\":\"https:\/\/federicoportacci.it\/Taccigram\/#website\"},\"datePublished\":\"2019-10-14T08:51:11+00:00\",\"dateModified\":\"2025-02-27T12:01:39+00:00\",\"breadcrumb\":{\"@id\":\"https:\/\/federicoportacci.it\/Taccigram\/info\/#breadcrumb\"},\"inLanguage\":\"it-IT\",\"potentialAction\":[{\"@type\":\"ReadAction\",\"target\":[\"https:\/\/federicoportacci.it\/Taccigram\/info\/\"]}]},{\"@type\":\"BreadcrumbList\",\"@id\":\"https:\/\/federicoportacci.it\/Taccigram\/info\/#breadcrumb\",\"itemListElement\":[{\"@type\":\"ListItem\",\"position\":1,\"name\":\"Home\",\"item\":\"https:\/\/federicoportacci.it\/Taccigram\/\"},{\"@type\":\"ListItem\",\"position\":2,\"name\":\"Info\"}]},{\"@type\":\"WebSite\",\"@id\":\"https:\/\/federicoportacci.it\/Taccigram\/#website\",\"url\":\"https:\/\/federicoportacci.it\/Taccigram\/\",\"name\":\"Taccigram\",\"description\":\"Official Shop\",\"publisher\":{\"@id\":\"https:\/\/federicoportacci.it\/Taccigram\/#organization\"},\"potentialAction\":[{\"@type\":\"SearchAction\",\"target\":{\"@type\":\"EntryPoint\",\"urlTemplate\":\"https:\/\/federicoportacci.it\/Taccigram\/?s={search_term_string}\"},\"query-input\":{\"@type\":\"PropertyValueSpecification\",\"valueRequired\":true,\"valueName\":\"search_term_string\"}}],\"inLanguage\":\"it-IT\"},{\"@type\":\"Organization\",\"@id\":\"https:\/\/federicoportacci.it\/Taccigram\/#organization\",\"name\":\"Taccigram\",\"url\":\"https:\/\/federicoportacci.it\/Taccigram\/\",\"logo\":{\"@type\":\"ImageObject\",\"inLanguage\":\"it-IT\",\"@id\":\"https:\/\/federicoportacci.it\/Taccigram\/#\/schema\/logo\/image\/\",\"url\":\"https:\/\/federicoportacci.it\/Taccigram\/wp-content\/uploads\/2024\/03\/Disegno8_d8f333f4-055c-44ae-9461-2d7c871ef408-01.png\",\"contentUrl\":\"https:\/\/federicoportacci.it\/Taccigram\/wp-content\/uploads\/2024\/03\/Disegno8_d8f333f4-055c-44ae-9461-2d7c871ef408-01.png\",\"width\":466,\"height\":466,\"caption\":\"Taccigram\"},\"image\":{\"@id\":\"https:\/\/federicoportacci.it\/Taccigram\/#\/schema\/logo\/image\/\"}}]}<\/script>\n<!-- \/ Yoast SEO plugin. -->","yoast_head_json":{"title":"Info - Taccigram","robots":{"index":"index","follow":"follow","max-snippet":"max-snippet:-1","max-image-preview":"max-image-preview:large","max-video-preview":"max-video-preview:-1"},"canonical":"https:\/\/federicoportacci.it\/Taccigram\/info\/","og_locale":"it_IT","og_type":"article","og_title":"Info - Taccigram","og_description":"Utilizziamo i cookie per migliorare la tua esperienza sul nostro sito. Per saperne di pi\u00c3\u00b9 sui dati che raccogliamo e su come li utilizziamo, consulta la nostra informativa sulla privacy disponibile nei pulsanti sottostanti. Documenti e contatti Privacy PolicyCookie Policy Cookie Policy Termini e Condizioni...","og_url":"https:\/\/federicoportacci.it\/Taccigram\/info\/","og_site_name":"Taccigram","article_modified_time":"2025-02-27T12:01:39+00:00","twitter_card":"summary_large_image","twitter_misc":{"Tempo di lettura stimato":"5 minuti"},"schema":{"@context":"https:\/\/schema.org","@graph":[{"@type":"WebPage","@id":"https:\/\/federicoportacci.it\/Taccigram\/info\/","url":"https:\/\/federicoportacci.it\/Taccigram\/info\/","name":"Info - Taccigram","isPartOf":{"@id":"https:\/\/federicoportacci.it\/Taccigram\/#website"},"datePublished":"2019-10-14T08:51:11+00:00","dateModified":"2025-02-27T12:01:39+00:00","breadcrumb":{"@id":"https:\/\/federicoportacci.it\/Taccigram\/info\/#breadcrumb"},"inLanguage":"it-IT","potentialAction":[{"@type":"ReadAction","target":["https:\/\/federicoportacci.it\/Taccigram\/info\/"]}]},{"@type":"BreadcrumbList","@id":"https:\/\/federicoportacci.it\/Taccigram\/info\/#breadcrumb","itemListElement":[{"@type":"ListItem","position":1,"name":"Home","item":"https:\/\/federicoportacci.it\/Taccigram\/"},{"@type":"ListItem","position":2,"name":"Info"}]},{"@type":"WebSite","@id":"https:\/\/federicoportacci.it\/Taccigram\/#website","url":"https:\/\/federicoportacci.it\/Taccigram\/","name":"Taccigram","description":"Official Shop","publisher":{"@id":"https:\/\/federicoportacci.it\/Taccigram\/#organization"},"potentialAction":[{"@type":"SearchAction","target":{"@type":"EntryPoint","urlTemplate":"https:\/\/federicoportacci.it\/Taccigram\/?s={search_term_string}"},"query-input":{"@type":"PropertyValueSpecification","valueRequired":true,"valueName":"search_term_string"}}],"inLanguage":"it-IT"},{"@type":"Organization","@id":"https:\/\/federicoportacci.it\/Taccigram\/#organization","name":"Taccigram","url":"https:\/\/federicoportacci.it\/Taccigram\/","logo":{"@type":"ImageObject","inLanguage":"it-IT","@id":"https:\/\/federicoportacci.it\/Taccigram\/#\/schema\/logo\/image\/","url":"https:\/\/federicoportacci.it\/Taccigram\/wp-content\/uploads\/2024\/03\/Disegno8_d8f333f4-055c-44ae-9461-2d7c871ef408-01.png","contentUrl":"https:\/\/federicoportacci.it\/Taccigram\/wp-content\/uploads\/2024\/03\/Disegno8_d8f333f4-055c-44ae-9461-2d7c871ef408-01.png","width":466,"height":466,"caption":"Taccigram"},"image":{"@id":"https:\/\/federicoportacci.it\/Taccigram\/#\/schema\/logo\/image\/"}}]}},"_links":{"self":[{"href":"https:\/\/federicoportacci.it\/Taccigram\/wp-json\/wp\/v2\/pages\/3","targetHints":{"allow":["GET"]}}],"collection":[{"href":"https:\/\/federicoportacci.it\/Taccigram\/wp-json\/wp\/v2\/pages"}],"about":[{"href":"https:\/\/federicoportacci.it\/Taccigram\/wp-json\/wp\/v2\/types\/page"}],"author":[{"embeddable":true,"href":"https:\/\/federicoportacci.it\/Taccigram\/wp-json\/wp\/v2\/users\/1"}],"replies":[{"embeddable":true,"href":"https:\/\/federicoportacci.it\/Taccigram\/wp-json\/wp\/v2\/comments?post=3"}],"version-history":[{"count":10,"href":"https:\/\/federicoportacci.it\/Taccigram\/wp-json\/wp\/v2\/pages\/3\/revisions"}],"predecessor-version":[{"id":1992,"href":"https:\/\/federicoportacci.it\/Taccigram\/wp-json\/wp\/v2\/pages\/3\/revisions\/1992"}],"wp:attachment":[{"href":"https:\/\/federicoportacci.it\/Taccigram\/wp-json\/wp\/v2\/media?parent=3"}],"curies":[{"name":"wp","href":"https:\/\/api.w.org\/{rel}","templated":true}]}}